{"id":4506,"date":"2023-09-05T20:20:46","date_gmt":"2023-09-05T20:20:46","guid":{"rendered":"https:\/\/dini-physio.ch\/?page_id=4506"},"modified":"2024-11-21T14:40:58","modified_gmt":"2024-11-21T14:40:58","slug":"angebot","status":"publish","type":"page","link":"https:\/\/dini-physio.ch\/?page_id=4506","title":{"rendered":"Angebot"},"content":{"rendered":"<p>[et_pb_section fb_built=&#8220;1&#8243; admin_label=&#8220;section&#8220; _builder_version=&#8220;4.16&#8243; global_colors_info=&#8220;{}&#8220;][et_pb_row _builder_version=&#8220;4.27.2&#8243; _module_preset=&#8220;default&#8220; global_colors_info=&#8220;{}&#8220;][et_pb_column type=&#8220;4_4&#8243; _builder_version=&#8220;4.27.2&#8243; _module_preset=&#8220;default&#8220; global_colors_info=&#8220;{}&#8220;][et_pb_text _builder_version=&#8220;4.27.2&#8243; _module_preset=&#8220;default&#8220; global_colors_info=&#8220;{}&#8220;]<\/p>\n<h1>Physiotherapie<\/h1>\n<p>[\/et_pb_text][\/et_pb_column][\/et_pb_row][et_pb_row column_structure=&#8220;3_5,2_5&#8243; _builder_version=&#8220;4.22.1&#8243; _module_preset=&#8220;default&#8220; global_colors_info=&#8220;{}&#8220;][et_pb_column type=&#8220;3_5&#8243; _builder_version=&#8220;4.22.1&#8243; _module_preset=&#8220;default&#8220; global_colors_info=&#8220;{}&#8220;][et_pb_text _builder_version=&#8220;4.22.1&#8243; _module_preset=&#8220;default&#8220; global_colors_info=&#8220;{}&#8220;]<\/p>\n<div class=\"et-fb-mousetrap et-fb-mousetrap--section et-fb-mousetrap-move\" style=\"background: transparent;\"><\/div>\n<div class=\"et-module-39e1fe00-3bfc-41ca-876e-11726b5a3529 et_pb_row ui-sortable et_pb_row_0 et-animated--vb et_fb_element_controls_visible et-first-child et-last-child et_pb_hovered et_pb_row_structure-4_4\" data-address=\"0.0\" data-specialty-layout=\"false\">\n<div class=\"et-module-b6604bdb-2f62-4621-84fb-0e448a940968 et_pb_column ui-sortable et-animated--vb et_pb_column_4_4 et_pb_column_0 et-first-child et-last-child et_pb_with_border\" data-address=\"0.0.0\">\n<div class=\"et-fb-mousetrap et-fb-mousetrap--column\"><\/div>\n<div class=\"et_fb_editing_enabled et-module-fddf5d29-c81c-4baa-9c9f-2ddda5b134a0 et_pb_text et_pb_module ui-sortable et_pb_text_0 et-animated--vb et_pb_text_align_left et_pb_bg_layout_light et-first-child et-last-child\" data-address=\"0.0.0.0\" dynamic=\"[object Object]\" matching=\"[object Object]\" _key=\"fddf5d29-c81c-4baa-9c9f-2ddda5b134a0\" parent_slug=\"et_pb_column\">\n<div class=\"et_pb_text_inner\">\n<div data-shortcode-id=\"0.0.0.0-1700832809001\" data-quickaccess-editable=\"yes\" class=\"et-fb-popover-tinymce\">\n<div class=\"mce-content-body\" contenteditable=\"true\" style=\"position: relative;\">\n<p><span style=\"font-size: medium;\">Der menschliche K\u00f6rper ist ein Meisterwerk \u00fcber welchen die Medizin immer wieder neue Erkenntnisse gewinnt, und noch weit entfernt ist diesen vollends zu verstehen. Als Physiotherapeut bringe ich breites\u00a0anatomisches und physiologisches Wissen mit. Zum einen bringt die Anatomie Wissen \u00fcber die Struktur der Knochen, Muskeln, Nerven, Gef\u00e4sse, und Organe. Zum anderen erkl\u00e4rt die Physiologie die Funktionsweise der Strukturen in sich und untereinander.<\/span><\/p>\n<p><span style=\"font-size: medium;\">Dieses Wissen bildet die Grundlage der Behandlung. Wenn Sie sich Verletzt haben und wissen, wann welche Prozesse bei einer Wundheilung stattfinden, k\u00f6nnen sie diese unterst\u00fctzen, indem sie das Gewebe zum richtigen Zeitpunkt optimal belasten. Dar\u00fcber hinaus gibt es ihnen Sicherheit zu wissen welche Schmerzen tolerierbar oder normal sind und welche man meiden sollte.<\/span><\/p>\n<\/div>\n<\/div>\n<\/div>\n<\/div>\n<\/div>\n<\/div>\n<p>[\/et_pb_text][\/et_pb_column][et_pb_column type=&#8220;2_5&#8243; _builder_version=&#8220;4.22.1&#8243; _module_preset=&#8220;default&#8220; global_colors_info=&#8220;{}&#8220;][et_pb_image src=&#8220;https:\/\/dini-physio.ch\/wp-content\/uploads\/2023\/11\/3d-medical-figure-showing-elbow-supination.jpg&#8220; title_text=&#8220;3d-medical-figure-showing-elbow-supination&#8220; _builder_version=&#8220;4.22.1&#8243; _module_preset=&#8220;default&#8220; global_colors_info=&#8220;{}&#8220;][\/et_pb_image][\/et_pb_column][\/et_pb_row][et_pb_row column_structure=&#8220;2_5,3_5&#8243; admin_label=&#8220;row&#8220; _builder_version=&#8220;4.16&#8243; background_size=&#8220;initial&#8220; background_position=&#8220;top_left&#8220; background_repeat=&#8220;repeat&#8220; global_colors_info=&#8220;{}&#8220;][et_pb_column type=&#8220;2_5&#8243; _builder_version=&#8220;4.16&#8243; custom_padding=&#8220;|||&#8220; global_colors_info=&#8220;{}&#8220; custom_padding__hover=&#8220;|||&#8220;][dsm_blob_image blob_image=&#8220;https:\/\/dini-physio.ch\/wp-content\/uploads\/2023\/11\/doctor-helping-boy-physiotherapy-medium-shot.jpg&#8220; title_text=&#8220;doctor-helping-boy-physiotherapy-medium-shot&#8220; _builder_version=&#8220;4.22.1&#8243; _module_preset=&#8220;default&#8220; global_colors_info=&#8220;{}&#8220;][\/dsm_blob_image][\/et_pb_column][et_pb_column type=&#8220;3_5&#8243; _builder_version=&#8220;4.16&#8243; custom_padding=&#8220;|||&#8220; global_colors_info=&#8220;{}&#8220; custom_padding__hover=&#8220;|||&#8220;][et_pb_text _builder_version=&#8220;4.22.1&#8243; _module_preset=&#8220;default&#8220; global_colors_info=&#8220;{}&#8220;]<\/p>\n<p><span style=\"font-size: medium;\">Der erste Schritt einer Behandlung ist immer die Aufkl\u00e4rung des Patienten. Dieses Wissen hilft ihnen die richtigen Dinge zu tun. Der Therapeut hat schliesslich nur 30 Minuten, w\u00e4hrend sie die ganze Woche darauf Einfluss haben.<\/span><\/p>\n<p><span style=\"font-size: medium;\">Der zweite Schritt besteht darin die Problematik so zu beeinflussen, dass Sie sich nachher selbst helfen k\u00f6nnen. Daf\u00fcr kommt die therapeutische Werkzeugkiste zum Einsatz. In dieser befinden sich verschiedene Konzepte wie Manuelle Therapie, Neurologische Methoden, Viszerale Therapie und viel mehr.<\/span><\/p>\n<p><span style=\"font-size: medium;\">Der letzte Schritt ist ein fliessender \u00dcbergang zur Sportphysiotherapie. Dabei geht es bei den meisten Patienten nicht um Sport, sondern einfach nur um Belastungsaufbau. Diesen braucht es damit die nun heilenden Strukturen den Alltags-Belastungen angepasst werden.<\/span><\/p>\n<p><span style=\"font-size: medium;\">Die physiotherapeutische Behandlung funktioniert also nur wenn Patient und Therapeut auf Augenh\u00f6he miteinander arbeiten.<\/span><\/p>\n<p><span style=\"font-size: medium;\">Wir freuen uns auf die Zusammenarbeit mit Ihnen.<\/span><\/p>\n<p>[\/et_pb_text][\/et_pb_column][\/et_pb_row][\/et_pb_section][et_pb_section fb_built=&#8220;1&#8243; _builder_version=&#8220;4.27.2&#8243; _module_preset=&#8220;default&#8220; background_color=&#8220;#41A3A2&#8243; global_colors_info=&#8220;{}&#8220;][et_pb_row _builder_version=&#8220;4.27.2&#8243; _module_preset=&#8220;default&#8220; global_colors_info=&#8220;{}&#8220;][et_pb_column type=&#8220;4_4&#8243; _builder_version=&#8220;4.27.2&#8243; _module_preset=&#8220;default&#8220; global_colors_info=&#8220;{}&#8220;][et_pb_text _builder_version=&#8220;4.27.2&#8243; _module_preset=&#8220;default&#8220; header_text_color=&#8220;#FFFFFF&#8220; global_colors_info=&#8220;{}&#8220;]<\/p>\n<h1>Unsere Leistung<\/h1>\n<p>[\/et_pb_text][\/et_pb_column][\/et_pb_row][et_pb_row column_structure=&#8220;1_4,1_4,1_4,1_4&#8243; _builder_version=&#8220;4.27.2&#8243; _module_preset=&#8220;default&#8220; global_colors_info=&#8220;{}&#8220;][et_pb_column type=&#8220;1_4&#8243; _builder_version=&#8220;4.27.2&#8243; _module_preset=&#8220;default&#8220; global_colors_info=&#8220;{}&#8220;][et_pb_blurb title=&#8220;Hausbesuche&#8220; image=&#8220;https:\/\/dini-physio.ch\/wp-content\/uploads\/2024\/10\/woman-is-entering-into-house-with-smiling-face.png&#8220; _builder_version=&#8220;4.27.2&#8243; _module_preset=&#8220;default&#8220; background_color=&#8220;#FFFFFF&#8220; min_height=&#8220;450px&#8220; custom_padding=&#8220;10px|10px|10px|10px|true|true&#8220; border_radii=&#8220;on|10px|10px|10px|10px&#8220; global_colors_info=&#8220;{}&#8220;]<\/p>\n<p>Wir behandeln Sie auch gerne Zuhause im gesamten Baselland. Bemerkung: daf\u00fcr brauchen sie eine Verordnung vom Arzt mit &#8222;Domizil&#8220;-Behandlung.<\/p>\n<p>[\/et_pb_blurb][\/et_pb_column][et_pb_column type=&#8220;1_4&#8243; _builder_version=&#8220;4.27.2&#8243; _module_preset=&#8220;default&#8220; global_colors_info=&#8220;{}&#8220;][et_pb_blurb title=&#8220;Physiotherapie&#8220; image=&#8220;https:\/\/dini-physio.ch\/wp-content\/uploads\/2024\/10\/physiotherapist-treating-injured-patient-e1729860433405.png&#8220; _builder_version=&#8220;4.27.2&#8243; _module_preset=&#8220;default&#8220; background_color=&#8220;#FFFFFF&#8220; min_height=&#8220;450px&#8220; custom_padding=&#8220;10px|10px|10px|10px|true|true&#8220; border_radii=&#8220;on|10px|10px|10px|10px&#8220; global_colors_info=&#8220;{}&#8220;]<\/p>\n<p>Wir behandeln orthop\u00e4dische, neurologische und viszerale Beschwerden. Bei akutem wie auch chronischem Verlauf.<\/p>\n<p>[\/et_pb_blurb][\/et_pb_column][et_pb_column type=&#8220;1_4&#8243; _builder_version=&#8220;4.27.2&#8243; _module_preset=&#8220;default&#8220; global_colors_info=&#8220;{}&#8220;][et_pb_blurb title=&#8220;Vorbeugend&#8220; image=&#8220;https:\/\/dini-physio.ch\/wp-content\/uploads\/2024\/10\/physiotherapy-rehabilitation-with-osteopathy-e1729860644314.png&#8220; _builder_version=&#8220;4.27.2&#8243; _module_preset=&#8220;default&#8220; background_color=&#8220;#FFFFFF&#8220; min_height=&#8220;450px&#8220; custom_padding=&#8220;10px|10px|10px|10px|true|true&#8220; border_radii=&#8220;on|10px|10px|10px|10px&#8220; global_colors_info=&#8220;{}&#8220;]<\/p>\n<p>Wenn die Beschwerden fr\u00fchzeitig Angepackt werden, ist der Erfolg meist mit weniger Zeit- und Energieaufwand zu erreichen. Daf\u00fcr bieten wir auch kleine Bewegungsgruppen an. Bei diesen durchlaufen Sie ein R\u00fccken-, Bein-, oder Arm-ABC.<\/p>\n<p>[\/et_pb_blurb][\/et_pb_column][et_pb_column type=&#8220;1_4&#8243; _builder_version=&#8220;4.27.2&#8243; _module_preset=&#8220;default&#8220; global_colors_info=&#8220;{}&#8220;][et_pb_blurb title=&#8220;Massage \/ Lymphdrainage&#8220; image=&#8220;https:\/\/dini-physio.ch\/wp-content\/uploads\/2024\/10\/physiotherapist-gives-massage-to-patient.png&#8220; _builder_version=&#8220;4.27.2&#8243; _module_preset=&#8220;default&#8220; background_color=&#8220;#FFFFFF&#8220; min_height=&#8220;450px&#8220; custom_padding=&#8220;10px|10px|10px|10px|true|true&#8220; border_radii=&#8220;on|10px|10px|10px|10px&#8220; global_colors_info=&#8220;{}&#8220;]<\/p>\n<p>Unsere medizinische Masseurin kann sie neben der Physiotherapie zus\u00e4tzlich unterst\u00fctzen, wenn sie eine Zusatzversicherung haben. Gerne d\u00fcrfen Sie auch Privat Massage in Anspruch nehmen.<\/p>\n<p>[\/et_pb_blurb][\/et_pb_column][\/et_pb_row][\/et_pb_section]<\/p>\n","protected":false},"excerpt":{"rendered":"<p>Physiotherapie Der menschliche K\u00f6rper ist ein Meisterwerk \u00fcber welchen die Medizin immer wieder neue Erkenntnisse gewinnt, und noch weit entfernt ist diesen vollends zu verstehen. Als Physiotherapeut bringe ich breites\u00a0anatomisches und physiologisches Wissen mit. Zum einen bringt die Anatomie Wissen \u00fcber die Struktur der Knochen, Muskeln, Nerven, Gef\u00e4sse, und Organe. Zum anderen erkl\u00e4rt die Physiologie die Funktionsweise der Strukturen in sich und untereinander. Dieses Wissen bildet die Grundlage der Behandlung. Wenn Sie sich Verletzt haben und wissen, wann welche Prozesse bei einer Wundheilung stattfinden, k\u00f6nnen sie diese unterst\u00fctzen, indem sie das Gewebe zum richtigen Zeitpunkt optimal belasten. Dar\u00fcber hinaus gibt es ihnen Sicherheit zu wissen welche Schmerzen tolerierbar oder normal sind und welche man meiden sollte. <div class=\"et_pb_module dsm_blob_image dsm_blob_image_0\">\n\t\t\t\t\n\t\t\t\t\n\t\t\t\t\n\t\t\t\t\n\t\t\t\t\n\t\t\t\t\n\t\t\t\t<div class=\"et_pb_module_inner\">\n\t\t\t\t\t<div class=\"dsm_blob_image_wrap dsm_blob_image_one\">\n\t\t\t\t<img decoding=\"async\" src=\"https:\/\/dini-physio.ch\/wp-content\/uploads\/2023\/11\/doctor-helping-boy-physiotherapy-medium-shot.jpg\" alt=\"\" title=\"doctor-helping-boy-physiotherapy-medium-shot\" srcset=\"https:\/\/dini-physio.ch\/wp-content\/uploads\/2023\/11\/doctor-helping-boy-physiotherapy-medium-shot.jpg 1500w, https:\/\/dini-physio.ch\/wp-content\/uploads\/2023\/11\/doctor-helping-boy-physiotherapy-medium-shot-1280x853.jpg 1280w, https:\/\/dini-physio.ch\/wp-content\/uploads\/2023\/11\/doctor-helping-boy-physiotherapy-medium-shot-980x653.jpg 980w, https:\/\/dini-physio.ch\/wp-content\/uploads\/2023\/11\/doctor-helping-boy-physiotherapy-medium-shot-480x320.jpg 480w\" sizes=\"(min-width: 0px) and (max-width: 480px) 480px, (min-width: 481px) and (max-width: 980px) 980px, (min-width: 981px) and (max-width: 1280px) 1280px, (min-width: 1281px) 1500px, 100vw\" class=\"dsm_blob_image_img\" \/>\n\t\t\t\t\t\n\t\t\t<\/div>\n\t\t\t\t<\/div>\n\t\t\t<\/div>Der erste Schritt einer Behandlung ist immer die Aufkl\u00e4rung des Patienten. Dieses Wissen hilft ihnen die richtigen Dinge zu tun. Der Therapeut hat schliesslich nur 30 Minuten, w\u00e4hrend sie die ganze Woche darauf Einfluss haben. Der zweite Schritt besteht darin die Problematik so zu beeinflussen, dass Sie sich nachher selbst helfen k\u00f6nnen. Daf\u00fcr kommt die therapeutische Werkzeugkiste zum Einsatz. In dieser befinden sich verschiedene Konzepte wie Manuelle Therapie, Neurologische Methoden, Viszerale Therapie und viel mehr. Der letzte Schritt ist [&hellip;]<\/p>\n","protected":false},"author":1,"featured_media":0,"parent":4521,"menu_order":1,"comment_status":"closed","ping_status":"closed","template":"","meta":{"_et_pb_use_builder":"on","_et_pb_old_content":"","_et_gb_content_width":"","footnotes":""},"class_list":["post-4506","page","type-page","status-publish","hentry"],"yoast_head":"<!-- This site is optimized with the Yoast SEO plugin v27.1.1 - https:\/\/yoast.com\/product\/yoast-seo-wordpress\/ -->\n<title>Angebot - Dini Physio<\/title>\n<meta name=\"robots\" content=\"index, follow, max-snippet:-1, max-image-preview:large, max-video-preview:-1\" \/>\n<link rel=\"canonical\" href=\"https:\/\/dini-physio.ch\/?page_id=4506\" \/>\n<meta property=\"og:locale\" content=\"de_DE\" \/>\n<meta property=\"og:type\" content=\"article\" \/>\n<meta property=\"og:title\" content=\"Angebot - Dini Physio\" \/>\n<meta property=\"og:description\" content=\"Physiotherapie Der menschliche K\u00f6rper ist ein Meisterwerk \u00fcber welchen die Medizin immer wieder neue Erkenntnisse gewinnt, und noch weit entfernt ist diesen vollends zu verstehen. Als Physiotherapeut bringe ich breites\u00a0anatomisches und physiologisches Wissen mit. Zum einen bringt die Anatomie Wissen \u00fcber die Struktur der Knochen, Muskeln, Nerven, Gef\u00e4sse, und Organe. Zum anderen erkl\u00e4rt die Physiologie die Funktionsweise der Strukturen in sich und untereinander. Dieses Wissen bildet die Grundlage der Behandlung. Wenn Sie sich Verletzt haben und wissen, wann welche Prozesse bei einer Wundheilung stattfinden, k\u00f6nnen sie diese unterst\u00fctzen, indem sie das Gewebe zum richtigen Zeitpunkt optimal belasten. Dar\u00fcber hinaus gibt es ihnen Sicherheit zu wissen welche Schmerzen tolerierbar oder normal sind und welche man meiden sollte. Der erste Schritt einer Behandlung ist immer die Aufkl\u00e4rung des Patienten. Dieses Wissen hilft ihnen die richtigen Dinge zu tun. Der Therapeut hat schliesslich nur 30 Minuten, w\u00e4hrend sie die ganze Woche darauf Einfluss haben. Der zweite Schritt besteht darin die Problematik so zu beeinflussen, dass Sie sich nachher selbst helfen k\u00f6nnen. Daf\u00fcr kommt die therapeutische Werkzeugkiste zum Einsatz. In dieser befinden sich verschiedene Konzepte wie Manuelle Therapie, Neurologische Methoden, Viszerale Therapie und viel mehr. Der letzte Schritt ist [&hellip;]\" \/>\n<meta property=\"og:url\" content=\"https:\/\/dini-physio.ch\/?page_id=4506\" \/>\n<meta property=\"og:site_name\" content=\"Dini Physio\" \/>\n<meta property=\"article:modified_time\" content=\"2024-11-21T14:40:58+00:00\" \/>\n<meta name=\"twitter:card\" content=\"summary_large_image\" \/>\n<meta name=\"twitter:label1\" content=\"Gesch\u00e4tzte Lesezeit\" \/>\n\t<meta name=\"twitter:data1\" content=\"5\u00a0Minuten\" \/>\n<script type=\"application\/ld+json\" class=\"yoast-schema-graph\">{\"@context\":\"https:\/\/schema.org\",\"@graph\":[{\"@type\":\"WebPage\",\"@id\":\"https:\/\/dini-physio.ch\/?page_id=4506\",\"url\":\"https:\/\/dini-physio.ch\/?page_id=4506\",\"name\":\"Angebot - Dini Physio\",\"isPartOf\":{\"@id\":\"https:\/\/dini-physio.ch\/#website\"},\"datePublished\":\"2023-09-05T20:20:46+00:00\",\"dateModified\":\"2024-11-21T14:40:58+00:00\",\"breadcrumb\":{\"@id\":\"https:\/\/dini-physio.ch\/?page_id=4506#breadcrumb\"},\"inLanguage\":\"de\",\"potentialAction\":[{\"@type\":\"ReadAction\",\"target\":[\"https:\/\/dini-physio.ch\/?page_id=4506\"]}]},{\"@type\":\"BreadcrumbList\",\"@id\":\"https:\/\/dini-physio.ch\/?page_id=4506#breadcrumb\",\"itemListElement\":[{\"@type\":\"ListItem\",\"position\":1,\"name\":\"Startseite\",\"item\":\"https:\/\/dini-physio.ch\/\"},{\"@type\":\"ListItem\",\"position\":2,\"name\":\"Startseite\",\"item\":\"https:\/\/dini-physio.ch\/\"},{\"@type\":\"ListItem\",\"position\":3,\"name\":\"Angebot\"}]},{\"@type\":\"WebSite\",\"@id\":\"https:\/\/dini-physio.ch\/#website\",\"url\":\"https:\/\/dini-physio.ch\/\",\"name\":\"Dini Physio\",\"description\":\"\",\"publisher\":{\"@id\":\"https:\/\/dini-physio.ch\/#organization\"},\"potentialAction\":[{\"@type\":\"SearchAction\",\"target\":{\"@type\":\"EntryPoint\",\"urlTemplate\":\"https:\/\/dini-physio.ch\/?s={search_term_string}\"},\"query-input\":{\"@type\":\"PropertyValueSpecification\",\"valueRequired\":true,\"valueName\":\"search_term_string\"}}],\"inLanguage\":\"de\"},{\"@type\":\"Organization\",\"@id\":\"https:\/\/dini-physio.ch\/#organization\",\"name\":\"Dini Physio GmbH\",\"url\":\"https:\/\/dini-physio.ch\/\",\"logo\":{\"@type\":\"ImageObject\",\"inLanguage\":\"de\",\"@id\":\"https:\/\/dini-physio.ch\/#\/schema\/logo\/image\/\",\"url\":\"https:\/\/dini-physio.ch\/wp-content\/uploads\/2023\/09\/diniphysioLogo.png\",\"contentUrl\":\"https:\/\/dini-physio.ch\/wp-content\/uploads\/2023\/09\/diniphysioLogo.png\",\"width\":1400,\"height\":817,\"caption\":\"Dini Physio GmbH\"},\"image\":{\"@id\":\"https:\/\/dini-physio.ch\/#\/schema\/logo\/image\/\"}}]}<\/script>\n<!-- \/ Yoast SEO plugin. -->","yoast_head_json":{"title":"Angebot - Dini Physio","robots":{"index":"index","follow":"follow","max-snippet":"max-snippet:-1","max-image-preview":"max-image-preview:large","max-video-preview":"max-video-preview:-1"},"canonical":"https:\/\/dini-physio.ch\/?page_id=4506","og_locale":"de_DE","og_type":"article","og_title":"Angebot - Dini Physio","og_description":"Physiotherapie Der menschliche K\u00f6rper ist ein Meisterwerk \u00fcber welchen die Medizin immer wieder neue Erkenntnisse gewinnt, und noch weit entfernt ist diesen vollends zu verstehen. Als Physiotherapeut bringe ich breites\u00a0anatomisches und physiologisches Wissen mit. Zum einen bringt die Anatomie Wissen \u00fcber die Struktur der Knochen, Muskeln, Nerven, Gef\u00e4sse, und Organe. Zum anderen erkl\u00e4rt die Physiologie die Funktionsweise der Strukturen in sich und untereinander. Dieses Wissen bildet die Grundlage der Behandlung. Wenn Sie sich Verletzt haben und wissen, wann welche Prozesse bei einer Wundheilung stattfinden, k\u00f6nnen sie diese unterst\u00fctzen, indem sie das Gewebe zum richtigen Zeitpunkt optimal belasten. Dar\u00fcber hinaus gibt es ihnen Sicherheit zu wissen welche Schmerzen tolerierbar oder normal sind und welche man meiden sollte. Der erste Schritt einer Behandlung ist immer die Aufkl\u00e4rung des Patienten. Dieses Wissen hilft ihnen die richtigen Dinge zu tun. Der Therapeut hat schliesslich nur 30 Minuten, w\u00e4hrend sie die ganze Woche darauf Einfluss haben. Der zweite Schritt besteht darin die Problematik so zu beeinflussen, dass Sie sich nachher selbst helfen k\u00f6nnen. Daf\u00fcr kommt die therapeutische Werkzeugkiste zum Einsatz. In dieser befinden sich verschiedene Konzepte wie Manuelle Therapie, Neurologische Methoden, Viszerale Therapie und viel mehr. Der letzte Schritt ist [&hellip;]","og_url":"https:\/\/dini-physio.ch\/?page_id=4506","og_site_name":"Dini Physio","article_modified_time":"2024-11-21T14:40:58+00:00","twitter_card":"summary_large_image","twitter_misc":{"Gesch\u00e4tzte Lesezeit":"5\u00a0Minuten"},"schema":{"@context":"https:\/\/schema.org","@graph":[{"@type":"WebPage","@id":"https:\/\/dini-physio.ch\/?page_id=4506","url":"https:\/\/dini-physio.ch\/?page_id=4506","name":"Angebot - Dini Physio","isPartOf":{"@id":"https:\/\/dini-physio.ch\/#website"},"datePublished":"2023-09-05T20:20:46+00:00","dateModified":"2024-11-21T14:40:58+00:00","breadcrumb":{"@id":"https:\/\/dini-physio.ch\/?page_id=4506#breadcrumb"},"inLanguage":"de","potentialAction":[{"@type":"ReadAction","target":["https:\/\/dini-physio.ch\/?page_id=4506"]}]},{"@type":"BreadcrumbList","@id":"https:\/\/dini-physio.ch\/?page_id=4506#breadcrumb","itemListElement":[{"@type":"ListItem","position":1,"name":"Startseite","item":"https:\/\/dini-physio.ch\/"},{"@type":"ListItem","position":2,"name":"Startseite","item":"https:\/\/dini-physio.ch\/"},{"@type":"ListItem","position":3,"name":"Angebot"}]},{"@type":"WebSite","@id":"https:\/\/dini-physio.ch\/#website","url":"https:\/\/dini-physio.ch\/","name":"Dini Physio","description":"","publisher":{"@id":"https:\/\/dini-physio.ch\/#organization"},"potentialAction":[{"@type":"SearchAction","target":{"@type":"EntryPoint","urlTemplate":"https:\/\/dini-physio.ch\/?s={search_term_string}"},"query-input":{"@type":"PropertyValueSpecification","valueRequired":true,"valueName":"search_term_string"}}],"inLanguage":"de"},{"@type":"Organization","@id":"https:\/\/dini-physio.ch\/#organization","name":"Dini Physio GmbH","url":"https:\/\/dini-physio.ch\/","logo":{"@type":"ImageObject","inLanguage":"de","@id":"https:\/\/dini-physio.ch\/#\/schema\/logo\/image\/","url":"https:\/\/dini-physio.ch\/wp-content\/uploads\/2023\/09\/diniphysioLogo.png","contentUrl":"https:\/\/dini-physio.ch\/wp-content\/uploads\/2023\/09\/diniphysioLogo.png","width":1400,"height":817,"caption":"Dini Physio GmbH"},"image":{"@id":"https:\/\/dini-physio.ch\/#\/schema\/logo\/image\/"}}]}},"_links":{"self":[{"href":"https:\/\/dini-physio.ch\/index.php?rest_route=\/wp\/v2\/pages\/4506","targetHints":{"allow":["GET"]}}],"collection":[{"href":"https:\/\/dini-physio.ch\/index.php?rest_route=\/wp\/v2\/pages"}],"about":[{"href":"https:\/\/dini-physio.ch\/index.php?rest_route=\/wp\/v2\/types\/page"}],"author":[{"embeddable":true,"href":"https:\/\/dini-physio.ch\/index.php?rest_route=\/wp\/v2\/users\/1"}],"replies":[{"embeddable":true,"href":"https:\/\/dini-physio.ch\/index.php?rest_route=%2Fwp%2Fv2%2Fcomments&post=4506"}],"version-history":[{"count":11,"href":"https:\/\/dini-physio.ch\/index.php?rest_route=\/wp\/v2\/pages\/4506\/revisions"}],"predecessor-version":[{"id":253394,"href":"https:\/\/dini-physio.ch\/index.php?rest_route=\/wp\/v2\/pages\/4506\/revisions\/253394"}],"up":[{"embeddable":true,"href":"https:\/\/dini-physio.ch\/index.php?rest_route=\/wp\/v2\/pages\/4521"}],"wp:attachment":[{"href":"https:\/\/dini-physio.ch\/index.php?rest_route=%2Fwp%2Fv2%2Fmedia&parent=4506"}],"curies":[{"name":"wp","href":"https:\/\/api.w.org\/{rel}","templated":true}]}}