{"id":253396,"date":"2025-03-24T14:52:49","date_gmt":"2025-03-24T14:52:49","guid":{"rendered":"https:\/\/dini-physio.ch\/?page_id=253396"},"modified":"2025-03-24T15:06:06","modified_gmt":"2025-03-24T15:06:06","slug":"253396-2","status":"publish","type":"page","link":"https:\/\/dini-physio.ch\/?page_id=253396","title":{"rendered":"Impressum"},"content":{"rendered":"<p>[et_pb_section fb_built=&#8220;1&#8243; _builder_version=&#8220;4.27.4&#8243; _module_preset=&#8220;default&#8220; global_colors_info=&#8220;{}&#8220;][et_pb_row _builder_version=&#8220;4.27.4&#8243; _module_preset=&#8220;default&#8220; hover_enabled=&#8220;0&#8243; global_colors_info=&#8220;{}&#8220; sticky_enabled=&#8220;0&#8243;][et_pb_column type=&#8220;4_4&#8243; _builder_version=&#8220;4.27.4&#8243; _module_preset=&#8220;default&#8220; global_colors_info=&#8220;{}&#8220;][et_pb_text _builder_version=&#8220;4.27.4&#8243; _module_preset=&#8220;default&#8220; hover_enabled=&#8220;0&#8243; global_colors_info=&#8220;{}&#8220; sticky_enabled=&#8220;0&#8243;]<\/p>\n<h2 data-start=\"415\" data-end=\"428\">Impressum<\/h2>\n<p>&nbsp;<\/p>\n<p data-start=\"430\" data-end=\"492\"><span style=\"color: #41a3a2;\"><strong>Dini Physio GmbH<\/strong><\/span><br data-start=\"447\" data-end=\"450\" \/><span>Stadtturmstrasse 24<\/span><br data-start=\"466\" data-end=\"469\" \/>8000 Z\u00fcrich<br data-start=\"480\" data-end=\"483\" \/>Schweiz<\/p>\n<p data-start=\"494\" data-end=\"579\">Telefon: <a href=\"tel:+41782427417\"><span class=\"dsm_icon_list_text\">+41 78 242 74 17<\/span><\/a><br data-start=\"519\" data-end=\"522\" \/>E-Mail: <span style=\"color: #41a3a2;\">info@dini-physio.ch<\/span><br data-start=\"548\" data-end=\"551\" \/>Website: <span style=\"color: #41a3a2;\">www.dini-physio.ch<\/span><\/p>\n<p data-start=\"581\" data-end=\"655\"><strong data-start=\"581\" data-end=\"619\">Vertretungsberechtigte Person(en):<\/strong><br data-start=\"619\" data-end=\"622\" \/><span>Tobias Kaeser<\/span>, Gesch\u00e4ftsf\u00fchrer<br \/>Jasmin Barbara Eimannsberger, Gesch\u00e4ftsf\u00fchrerin<\/p>\n<p data-start=\"657\" data-end=\"766\"><strong data-start=\"657\" data-end=\"684\">Handelsregistereintrag:<\/strong><br data-start=\"684\" data-end=\"687\" \/>Eingetragener Firmenname: <span>Dini Physio GmbH<\/span><br data-start=\"726\" data-end=\"729\" \/>Handelsregister-Nr.: <span>CH-280-4028694-6<\/span><\/p>\n<p data-start=\"768\" data-end=\"809\"><strong data-start=\"768\" data-end=\"784\">MwSt-Nummer:<\/strong><br data-start=\"784\" data-end=\"787\" \/><span>CHE-213.497.421<\/span> MWST<\/p>\n<p data-start=\"811\" data-end=\"944\"><strong data-start=\"811\" data-end=\"834\">Haftungsausschluss:<\/strong><br data-start=\"834\" data-end=\"837\" \/>Die Dini Physio GmbH \u00fcbernimmt keine Gew\u00e4hr f\u00fcr die Richtigkeit, Vollst\u00e4ndigkeit und Aktualit\u00e4t der Inhalte.<\/p>\n<p data-start=\"946\" data-end=\"1115\"><strong data-start=\"946\" data-end=\"964\">Urheberrechte:<\/strong><br data-start=\"964\" data-end=\"967\" \/>Alle Inhalte dieser Website (Texte, Bilder, Logos etc.) sind urheberrechtlich gesch\u00fctzt. Die Verwendung ohne ausdr\u00fcckliche Zustimmung ist untersagt.<\/p>\n<p>[\/et_pb_text][\/et_pb_column][\/et_pb_row][\/et_pb_section]<\/p>\n","protected":false},"excerpt":{"rendered":"<p>Impressum &nbsp; Dini Physio GmbHStadtturmstrasse 248000 Z\u00fcrichSchweiz Telefon: +41 78 242 74 17E-Mail: info@dini-physio.chWebsite: www.dini-physio.ch Vertretungsberechtigte Person(en):Tobias Kaeser, Gesch\u00e4ftsf\u00fchrerJasmin Barbara Eimannsberger, Gesch\u00e4ftsf\u00fchrerin Handelsregistereintrag:Eingetragener Firmenname: Dini Physio GmbHHandelsregister-Nr.: CH-280-4028694-6 MwSt-Nummer:CHE-213.497.421 MWST Haftungsausschluss:Die Dini Physio GmbH \u00fcbernimmt keine Gew\u00e4hr f\u00fcr die Richtigkeit, Vollst\u00e4ndigkeit und Aktualit\u00e4t der Inhalte. Urheberrechte:Alle Inhalte dieser Website (Texte, Bilder, Logos etc.) sind urheberrechtlich gesch\u00fctzt. Die Verwendung ohne ausdr\u00fcckliche Zustimmung ist untersagt.<\/p>\n","protected":false},"author":1,"featured_media":0,"parent":0,"menu_order":0,"comment_status":"closed","ping_status":"closed","template":"","meta":{"_et_pb_use_builder":"on","_et_pb_old_content":"","_et_gb_content_width":"","footnotes":""},"class_list":["post-253396","page","type-page","status-publish","hentry"],"yoast_head":"<!-- This site is optimized with the Yoast SEO plugin v27.1.1 - https:\/\/yoast.com\/product\/yoast-seo-wordpress\/ -->\n<title>Impressum - Dini Physio<\/title>\n<meta name=\"robots\" content=\"index, follow, max-snippet:-1, max-image-preview:large, max-video-preview:-1\" \/>\n<link rel=\"canonical\" href=\"https:\/\/dini-physio.ch\/?page_id=253396\" \/>\n<meta property=\"og:locale\" content=\"de_DE\" \/>\n<meta property=\"og:type\" content=\"article\" \/>\n<meta property=\"og:title\" content=\"Impressum - Dini Physio\" \/>\n<meta property=\"og:description\" content=\"Impressum &nbsp; Dini Physio GmbHStadtturmstrasse 248000 Z\u00fcrichSchweiz Telefon: +41 78 242 74 17E-Mail: info@dini-physio.chWebsite: www.dini-physio.ch Vertretungsberechtigte Person(en):Tobias Kaeser, Gesch\u00e4ftsf\u00fchrerJasmin Barbara Eimannsberger, Gesch\u00e4ftsf\u00fchrerin Handelsregistereintrag:Eingetragener Firmenname: Dini Physio GmbHHandelsregister-Nr.: CH-280-4028694-6 MwSt-Nummer:CHE-213.497.421 MWST Haftungsausschluss:Die Dini Physio GmbH \u00fcbernimmt keine Gew\u00e4hr f\u00fcr die Richtigkeit, Vollst\u00e4ndigkeit und Aktualit\u00e4t der Inhalte. Urheberrechte:Alle Inhalte dieser Website (Texte, Bilder, Logos etc.) sind urheberrechtlich gesch\u00fctzt. Die Verwendung ohne ausdr\u00fcckliche Zustimmung ist untersagt.\" \/>\n<meta property=\"og:url\" content=\"https:\/\/dini-physio.ch\/?page_id=253396\" \/>\n<meta property=\"og:site_name\" content=\"Dini Physio\" \/>\n<meta property=\"article:modified_time\" content=\"2025-03-24T15:06:06+00:00\" \/>\n<meta name=\"twitter:card\" content=\"summary_large_image\" \/>\n<script type=\"application\/ld+json\" class=\"yoast-schema-graph\">{\"@context\":\"https:\/\/schema.org\",\"@graph\":[{\"@type\":\"WebPage\",\"@id\":\"https:\/\/dini-physio.ch\/?page_id=253396\",\"url\":\"https:\/\/dini-physio.ch\/?page_id=253396\",\"name\":\"Impressum - Dini Physio\",\"isPartOf\":{\"@id\":\"https:\/\/dini-physio.ch\/#website\"},\"datePublished\":\"2025-03-24T14:52:49+00:00\",\"dateModified\":\"2025-03-24T15:06:06+00:00\",\"breadcrumb\":{\"@id\":\"https:\/\/dini-physio.ch\/?page_id=253396#breadcrumb\"},\"inLanguage\":\"de\",\"potentialAction\":[{\"@type\":\"ReadAction\",\"target\":[\"https:\/\/dini-physio.ch\/?page_id=253396\"]}]},{\"@type\":\"BreadcrumbList\",\"@id\":\"https:\/\/dini-physio.ch\/?page_id=253396#breadcrumb\",\"itemListElement\":[{\"@type\":\"ListItem\",\"position\":1,\"name\":\"Startseite\",\"item\":\"https:\/\/dini-physio.ch\/\"},{\"@type\":\"ListItem\",\"position\":2,\"name\":\"Impressum\"}]},{\"@type\":\"WebSite\",\"@id\":\"https:\/\/dini-physio.ch\/#website\",\"url\":\"https:\/\/dini-physio.ch\/\",\"name\":\"Dini Physio\",\"description\":\"\",\"publisher\":{\"@id\":\"https:\/\/dini-physio.ch\/#organization\"},\"potentialAction\":[{\"@type\":\"SearchAction\",\"target\":{\"@type\":\"EntryPoint\",\"urlTemplate\":\"https:\/\/dini-physio.ch\/?s={search_term_string}\"},\"query-input\":{\"@type\":\"PropertyValueSpecification\",\"valueRequired\":true,\"valueName\":\"search_term_string\"}}],\"inLanguage\":\"de\"},{\"@type\":\"Organization\",\"@id\":\"https:\/\/dini-physio.ch\/#organization\",\"name\":\"Dini Physio GmbH\",\"url\":\"https:\/\/dini-physio.ch\/\",\"logo\":{\"@type\":\"ImageObject\",\"inLanguage\":\"de\",\"@id\":\"https:\/\/dini-physio.ch\/#\/schema\/logo\/image\/\",\"url\":\"https:\/\/dini-physio.ch\/wp-content\/uploads\/2023\/09\/diniphysioLogo.png\",\"contentUrl\":\"https:\/\/dini-physio.ch\/wp-content\/uploads\/2023\/09\/diniphysioLogo.png\",\"width\":1400,\"height\":817,\"caption\":\"Dini Physio GmbH\"},\"image\":{\"@id\":\"https:\/\/dini-physio.ch\/#\/schema\/logo\/image\/\"}}]}<\/script>\n<!-- \/ Yoast SEO plugin. -->","yoast_head_json":{"title":"Impressum - Dini Physio","robots":{"index":"index","follow":"follow","max-snippet":"max-snippet:-1","max-image-preview":"max-image-preview:large","max-video-preview":"max-video-preview:-1"},"canonical":"https:\/\/dini-physio.ch\/?page_id=253396","og_locale":"de_DE","og_type":"article","og_title":"Impressum - Dini Physio","og_description":"Impressum &nbsp; Dini Physio GmbHStadtturmstrasse 248000 Z\u00fcrichSchweiz Telefon: +41 78 242 74 17E-Mail: info@dini-physio.chWebsite: www.dini-physio.ch Vertretungsberechtigte Person(en):Tobias Kaeser, Gesch\u00e4ftsf\u00fchrerJasmin Barbara Eimannsberger, Gesch\u00e4ftsf\u00fchrerin Handelsregistereintrag:Eingetragener Firmenname: Dini Physio GmbHHandelsregister-Nr.: CH-280-4028694-6 MwSt-Nummer:CHE-213.497.421 MWST Haftungsausschluss:Die Dini Physio GmbH \u00fcbernimmt keine Gew\u00e4hr f\u00fcr die Richtigkeit, Vollst\u00e4ndigkeit und Aktualit\u00e4t der Inhalte. Urheberrechte:Alle Inhalte dieser Website (Texte, Bilder, Logos etc.) sind urheberrechtlich gesch\u00fctzt. Die Verwendung ohne ausdr\u00fcckliche Zustimmung ist untersagt.","og_url":"https:\/\/dini-physio.ch\/?page_id=253396","og_site_name":"Dini Physio","article_modified_time":"2025-03-24T15:06:06+00:00","twitter_card":"summary_large_image","schema":{"@context":"https:\/\/schema.org","@graph":[{"@type":"WebPage","@id":"https:\/\/dini-physio.ch\/?page_id=253396","url":"https:\/\/dini-physio.ch\/?page_id=253396","name":"Impressum - Dini Physio","isPartOf":{"@id":"https:\/\/dini-physio.ch\/#website"},"datePublished":"2025-03-24T14:52:49+00:00","dateModified":"2025-03-24T15:06:06+00:00","breadcrumb":{"@id":"https:\/\/dini-physio.ch\/?page_id=253396#breadcrumb"},"inLanguage":"de","potentialAction":[{"@type":"ReadAction","target":["https:\/\/dini-physio.ch\/?page_id=253396"]}]},{"@type":"BreadcrumbList","@id":"https:\/\/dini-physio.ch\/?page_id=253396#breadcrumb","itemListElement":[{"@type":"ListItem","position":1,"name":"Startseite","item":"https:\/\/dini-physio.ch\/"},{"@type":"ListItem","position":2,"name":"Impressum"}]},{"@type":"WebSite","@id":"https:\/\/dini-physio.ch\/#website","url":"https:\/\/dini-physio.ch\/","name":"Dini Physio","description":"","publisher":{"@id":"https:\/\/dini-physio.ch\/#organization"},"potentialAction":[{"@type":"SearchAction","target":{"@type":"EntryPoint","urlTemplate":"https:\/\/dini-physio.ch\/?s={search_term_string}"},"query-input":{"@type":"PropertyValueSpecification","valueRequired":true,"valueName":"search_term_string"}}],"inLanguage":"de"},{"@type":"Organization","@id":"https:\/\/dini-physio.ch\/#organization","name":"Dini Physio GmbH","url":"https:\/\/dini-physio.ch\/","logo":{"@type":"ImageObject","inLanguage":"de","@id":"https:\/\/dini-physio.ch\/#\/schema\/logo\/image\/","url":"https:\/\/dini-physio.ch\/wp-content\/uploads\/2023\/09\/diniphysioLogo.png","contentUrl":"https:\/\/dini-physio.ch\/wp-content\/uploads\/2023\/09\/diniphysioLogo.png","width":1400,"height":817,"caption":"Dini Physio GmbH"},"image":{"@id":"https:\/\/dini-physio.ch\/#\/schema\/logo\/image\/"}}]}},"_links":{"self":[{"href":"https:\/\/dini-physio.ch\/index.php?rest_route=\/wp\/v2\/pages\/253396","targetHints":{"allow":["GET"]}}],"collection":[{"href":"https:\/\/dini-physio.ch\/index.php?rest_route=\/wp\/v2\/pages"}],"about":[{"href":"https:\/\/dini-physio.ch\/index.php?rest_route=\/wp\/v2\/types\/page"}],"author":[{"embeddable":true,"href":"https:\/\/dini-physio.ch\/index.php?rest_route=\/wp\/v2\/users\/1"}],"replies":[{"embeddable":true,"href":"https:\/\/dini-physio.ch\/index.php?rest_route=%2Fwp%2Fv2%2Fcomments&post=253396"}],"version-history":[{"count":4,"href":"https:\/\/dini-physio.ch\/index.php?rest_route=\/wp\/v2\/pages\/253396\/revisions"}],"predecessor-version":[{"id":253421,"href":"https:\/\/dini-physio.ch\/index.php?rest_route=\/wp\/v2\/pages\/253396\/revisions\/253421"}],"wp:attachment":[{"href":"https:\/\/dini-physio.ch\/index.php?rest_route=%2Fwp%2Fv2%2Fmedia&parent=253396"}],"curies":[{"name":"wp","href":"https:\/\/api.w.org\/{rel}","templated":true}]}}